{"id":76,"date":"2012-10-19T18:26:21","date_gmt":"2012-10-19T16:26:21","guid":{"rendered":"http:\/\/www.ml-art.de\/w1\/?page_id=76"},"modified":"2012-11-16T22:50:51","modified_gmt":"2012-11-16T20:50:51","slug":"nutzungsbedingungen-2","status":"publish","type":"page","link":"http:\/\/www.ml-art.de\/w1\/?page_id=76","title":{"rendered":"Nutzungsbedingungen"},"content":{"rendered":"<p>Nutzungsbedingungen f\u00fcr &#8222;hallo-hochw\u00e4lder.de&#8220; &#8211; Stand 14.10.2012<br \/>\nNutzerinnen und Nutzer des\u00a0hallo-hochw\u00e4lder.de erkennen an, dass keine Inhalte ver\u00f6ffentlicht werden d\u00fcrfen, durch die Rechte Dritter verletzt werden k\u00f6nnen. Die Nutzerinnen und Nutzer sind f\u00fcr die von ihr\/ihm ver\u00f6ffentlichten Inhalte allein verantwortlich.<\/p>\n<p>Wir m\u00f6chten ein angenehmes Diskussionsklima etablieren und Themen sachlich und niveauvoll diskutieren. Daher bitten wir alle Nutzerinnen und Nutzer, sich an die folgenden Regeln zu halten.<\/p>\n<p>Grunds\u00e4tzlich ist jeder Beitrag erw\u00fcnscht. Die Inhalte der Beitr\u00e4ge m\u00fcssen sich an die geltenden Gesetze und gute Sitten halten. Ein h\u00f6flicher Umgangston ist dabei der grundlegende Bestandteil einer Diskussion.<\/p>\n<p>Verboten sind insbesondere<\/p>\n<p>&nbsp;<\/p>\n<ul>\n<li>die Identit\u00e4tst\u00e4uschung durch Nachahmung einer anderen nat\u00fcrlichen oder juristischen Person;<\/li>\n<li>die wissentliche Verbreitung unwahrer Informationen, auch ohne die vors\u00e4tzliche Absicht, Dritte zu sch\u00e4digen;<\/li>\n<li>das Einstellen von Content (Inhalten), die Ver\u00f6ffentlichung von Beitr\u00e4gen und das Versenden von E-Mails, zu deren \u00dcbermittlung der Nutzer rechtlich nicht befugt ist;<\/li>\n<li>Beleidigungen andere Nutzer und der Gebrauch einer hasserf\u00fcllten, missbr\u00e4uchlichen oder vulg\u00e4ren Sprache (auch in Form von Symbolen oder sonstigen Zeichen);<\/li>\n<li>pers\u00f6nliche Angriffe aufgrund von Rasse, Nationalit\u00e4t, ethnischer Herkunft, Religion, Geschlecht, sexuellen Pr\u00e4ferenzen, politischen oder philosophischen Standpunkten, Gewerkschaftszugeh\u00f6rigkeit, Beruf, Behinderungen oder sonstiger Andersartigkeit gleich welcher Art;<\/li>\n<li>die Verbreitung von themenfremden oder dem Blogzweck nicht gem\u00e4\u00dfen Mitteilungen,<\/li>\n<li>jegliche Bel\u00e4stigungen anderer Nutzer;<\/li>\n<li>Werbung f\u00fcr oder Informationen \u00fcber gesetzeswidrige, gewaltt\u00e4tige oder zur Gewalt gegen Einzelne oder Gruppen von Menschen aufrufende Aktivit\u00e4ten;<\/li>\n<li>das Anbieten von k\u00e4uflichen Waren, G\u00fctern oder Dienstleistungen, die ungesetzlich sind oder f\u00fcr die der registrierte User nicht im Besitz s\u00e4mtlicher erforderlichen Rechte ist, die es ihm gestatten, diese anzubieten oder zu verkaufen.<\/li>\n<\/ul>\n<p>Falls Sie Zitate von bekannten Pers\u00f6nlichkeiten verwenden, bitten wir Sie, den entsprechenden Urheber zu nennen. Das Einstellen urheberrechtlich gesch\u00fctzter Inhalte ist nicht erlaubt.<\/p>\n<p>Sollten Beitr\u00e4ge nicht entsprechend dieser Regeln verfasst werden, beh\u00e4lt sich die Moderation vor, diese nicht zu ver\u00f6ffentlichen.<\/p>\n<p>Kommentare von Benutzern m\u00fcssen grunds\u00e4tzlich durch die Redaktion freigeschaltet werden. An Wochenenden und Feiertagen erfolgt keine Freischaltung von Kommentaren.<\/p>\n","protected":false},"excerpt":{"rendered":"<p>Nutzungsbedingungen f\u00fcr &#8222;hallo-hochw\u00e4lder.de&#8220; &#8211; Stand 14.10.2012 Nutzerinnen und Nutzer des\u00a0hallo-hochw\u00e4lder.de erkennen an, dass keine Inhalte ver\u00f6ffentlicht werden d\u00fcrfen, durch die Rechte Dritter verletzt werden k\u00f6nnen. Die Nutzerinnen und Nutzer sind f\u00fcr die von ihr\/ihm ver\u00f6ffentlichten Inhalte allein verantwortlich. Wir m\u00f6chten &hellip; <a href=\"http:\/\/www.ml-art.de\/w1\/?page_id=76\">Weiterlesen <span class=\"meta-nav\">&rarr;<\/span><\/a><\/p>\n","protected":false},"author":2,"featured_media":0,"parent":0,"menu_order":0,"comment_status":"closed","ping_status":"open","template":"","meta":[],"_links":{"self":[{"href":"http:\/\/www.ml-art.de\/w1\/index.php?rest_route=\/wp\/v2\/pages\/76"}],"collection":[{"href":"http:\/\/www.ml-art.de\/w1\/index.php?rest_route=\/wp\/v2\/pages"}],"about":[{"href":"http:\/\/www.ml-art.de\/w1\/index.php?rest_route=\/wp\/v2\/types\/page"}],"author":[{"embeddable":true,"href":"http:\/\/www.ml-art.de\/w1\/index.php?rest_route=\/wp\/v2\/users\/2"}],"replies":[{"embeddable":true,"href":"http:\/\/www.ml-art.de\/w1\/index.php?rest_route=%2Fwp%2Fv2%2Fcomments&post=76"}],"version-history":[{"count":5,"href":"http:\/\/www.ml-art.de\/w1\/index.php?rest_route=\/wp\/v2\/pages\/76\/revisions"}],"predecessor-version":[{"id":79,"href":"http:\/\/www.ml-art.de\/w1\/index.php?rest_route=\/wp\/v2\/pages\/76\/revisions\/79"}],"wp:attachment":[{"href":"http:\/\/www.ml-art.de\/w1\/index.php?rest_route=%2Fwp%2Fv2%2Fmedia&parent=76"}],"curies":[{"name":"wp","href":"https:\/\/api.w.org\/{rel}","templated":true}]}}